{"id":23,"date":"2017-02-13T10:20:43","date_gmt":"2017-02-13T12:20:43","guid":{"rendered":"http:\/\/www.lkdp.lt\/?page_id=23"},"modified":"2017-06-27T05:46:07","modified_gmt":"2017-06-27T07:46:07","slug":"apie-mus","status":"publish","type":"page","link":"http:\/\/www.lkdp.lt\/","title":{"rendered":"Apie mus"},"content":{"rendered":"<p style=\"text-align: justify;\">Lietuvos krik\u0161\u010dioni\u0173 demokrat\u0173 politin\u0117s organizacijos i\u0161takos siekia dar 1904 metus, kai\u00a0 buvo parengta pirmoji Lietuvi\u0173 krik\u0161\u010dioni\u0173 demokrat\u0173 veiklos programa. 1917 m. Petrapilyje su\u0161aukto Lietuvi\u0173 seimo metu \u012fvykusi Lietuvos krik\u0161\u010dioni\u0173 demokrat\u0173 konferencija pri\u0117m\u0117 partijos program\u0105 ir i\u0161rinko centro komitet\u0105. Krik\u0161\u010dionys demokratai buvo viena stipriausi\u0173 Petrapilio seimo grupi\u0173, gynusi\u0173 Lietuvos nepriklausomyb\u0117s reikalavim\u0105 ir siekusi\u0173, kad i\u0161 priespaudos i\u0161sivadavusi Lietuva tapt\u0173 demokratine respublika.<\/p>\n<p style=\"text-align: justify;\">Krik\u0161\u010dionys demokratai \u2013 1918 m. vasario 16 d. Akto signatarai Kazys Bizauskas, Pranas Dovydaitis, Justinas Staugaitis, Aleksandras Stulginskis, Kazimieras \u0160aulys, Jonas Vailokaitis, valstyb\u0117s ir visuomen\u0117s veik\u0117jai Mykolas Krupavi\u010dius, Antanas Tum\u0117nas, Vladas Jurgutis, Vytautas Petrulis, Leonas Bistras ir kiti labai daug nuveik\u0117 kuriant Lietuvos valstyb\u0119 bei stiprinant jos demokratinius pagrindus. Aleksandras Stulginskis buvo i\u0161rinktas Steigiamojo Seimo Pirmininku, v\u0117liau \u2013 Lietuvos Respublikos Prezidentu.<\/p>\n<p style=\"text-align: center;\" align=\"center\"><strong>M\u016bs\u0173 tapatyb\u0117s ir veiklos t\u0119stinumas<\/strong><\/p>\n<p style=\"text-align: justify;\">Soviet\u0173 S\u0105jungai okupavus Lietuvos Respublik\u0105, okupant\u0173 nesunaikinta partijos dalis emigracijoje persitvark\u0117 \u012f Lietuvi\u0173 krik\u0161\u010dioni\u0173 demokrat\u0173 s\u0105jung\u0105, kuri t\u0119s\u0117 Lietuvos krik\u0161\u010dioni\u0173 demokrat\u0173 partijos veikl\u0105 u\u017esienyje, buvo viena i\u0161 Vidurio Europos krik\u0161\u010dioni\u0173 demokrat\u0173 s\u0105jungos \u012fk\u016br\u0117j\u0173 ir pasaulio Krik\u0161\u010dioni\u0173 demokrat\u0173 internacionalo nar\u0117.<\/p>\n<p style=\"text-align: justify;\">Lietuvos krik\u0161\u010dioni\u0173 demokrat\u0173 partija buvo nenutr\u016bkstamai atstovaujama Europos ir pasaulio Krik\u0161\u010dioni\u0173 demokrat\u0173 susivienijimuose.<\/p>\n<p style=\"text-align: justify;\">1990 met\u0173 sausio m\u0117nes\u012f \u012fvyk\u0119s atkuriamasis Lietuvos krik\u0161\u010dioni\u0173 demokrat\u0173 partijos suva\u017eiavimas atk\u016br\u0117 visateis\u0119 partijos veikl\u0105 Lietuvoje.<\/p>\n<p style=\"text-align: justify;\">2001 m. gegu\u017e\u0117s 12 d. Lietuvos krik\u0161\u010dioni\u0173 demokrat\u0173 partija reorganizavosi ir pakeit\u0117 savo pavadinim\u0105 i\u0161 \u201cLietuvos krik\u0161\u010dioni\u0173 demokrat\u0173 partija\u201d \u012f \u201eLietuvos krik\u0161\u010dionys demokratai\u201c. Lietuvoje savo veikl\u0105 vykdanti ir tarptautin\u012f pripa\u017einim\u0105 turinti Lietuvos krik\u0161\u010dioni\u0173 demokrat\u0173 partija per\u0117m\u0117 visateis\u012f atstovavim\u0105 Europos krik\u0161\u010dioni\u0173 demokrat\u0173 s\u0105jungoje ir pasaulio Krik\u0161\u010dioni\u0173 demokrat\u0173 internacionale. 2004 metais Lietuvai tapus visateise Europos S\u0105jungos nare, partija \u201cLietuvos krik\u0161\u010dionys demokratai\u201d tapo visateise Europos Liaudies partijos nare.<br \/>\n2007 met\u0173 gruod\u017eio 15 d. partijos \u201cLietuvos krik\u0161\u010dionys demokratai\u201d konferencija absoliu\u010dia bals\u0173 dauguma pri\u0117m\u0117 sprendim\u0105 reorganizuoti partij\u0105, vertybi\u0173 ir tiksl\u0173 bendrumo pagrindu susijungti su reorganizuojama T\u0117vyn\u0117s\u00a0 s\u0105junga ir \u012fsteigti\u00a0 jungtin\u0119 partij\u0105 \u201eT\u0117vyn\u0117s s\u0105junga-Lietuvos krik\u0161\u010dionys demokratai\u201c.<\/p>\n<p style=\"text-align: justify;\">Reorganizav\u0119 savo partij\u0105 ir susijung\u0119 su reorganizuota T\u0117vyn\u0117s s\u0105jung\u0105 \u012f jungtin\u0119 partij\u0105, nuo pat pastarosios \u012fsteigimo Lietuvos krik\u0161\u010dionys demokratai toliau i\u0161saugo savo organizacij\u0105, istorin\u0119 ir id\u0117jin\u0119 tapatyb\u0119 bei nenutr\u016bkstamai t\u0119sia veikl\u0105 jungtin\u0117je partijoje nauju pavidalu kaip savita\u00a0 jungtin\u0117s partijos dalis \u2013 bendrija\u00a0 \u201eLietuvos krik\u0161\u010dionys demokratai\u201c.<br \/>\nReorganizuodamasi partija \u201eLietuvos krik\u0161\u010dionys demokratai\u201c pri\u0117m\u0117 \u0161i\u0105 savo nari\u0173 jungtin\u0117je partijoje sudaromos atskiros bendrijos program\u0105, u\u017etikrinan\u010di\u0105 Lietuvos krik\u0161\u010dionys demokrat\u0173\u00a0 puosel\u0117jam\u0173 pagrindini\u0173 vertybi\u0173 ir savit\u0173 programini\u0173 nuostat\u0173 t\u0119stinum\u0105.<\/p>\n","protected":false},"excerpt":{"rendered":"<p>Lietuvos krik\u0161\u010dioni\u0173 demokrat\u0173 politin\u0117s organizacijos i\u0161takos siekia dar 1904 metus, kai\u00a0 buvo parengta pirmoji Lietuvi\u0173 krik\u0161\u010dioni\u0173 demokrat\u0173 veiklos programa. 1917 m. Petrapilyje su\u0161aukto Lietuvi\u0173 seimo metu \u012fvykusi Lietuvos krik\u0161\u010dioni\u0173 demokrat\u0173 konferencija pri\u0117m\u0117 partijos program\u0105 ir i\u0161rinko centro komitet\u0105. Krik\u0161\u010dionys demokratai buvo viena stipriausi\u0173 Petrapilio seimo grupi\u0173, gynusi\u0173 Lietuvos nepriklausomyb\u0117s reikalavim\u0105 ir siekusi\u0173, kad i\u0161 priespaudos [&hellip;]<\/p>\n","protected":false},"author":2,"featured_media":0,"parent":0,"menu_order":0,"comment_status":"closed","ping_status":"closed","template":"","meta":[],"_links":{"self":[{"href":"http:\/\/www.lkdp.lt\/index.php?rest_route=\/wp\/v2\/pages\/23"}],"collection":[{"href":"http:\/\/www.lkdp.lt\/index.php?rest_route=\/wp\/v2\/pages"}],"about":[{"href":"http:\/\/www.lkdp.lt\/index.php?rest_route=\/wp\/v2\/types\/page"}],"author":[{"embeddable":true,"href":"http:\/\/www.lkdp.lt\/index.php?rest_route=\/wp\/v2\/users\/2"}],"replies":[{"embeddable":true,"href":"http:\/\/www.lkdp.lt\/index.php?rest_route=%2Fwp%2Fv2%2Fcomments&post=23"}],"version-history":[{"count":5,"href":"http:\/\/www.lkdp.lt\/index.php?rest_route=\/wp\/v2\/pages\/23\/revisions"}],"predecessor-version":[{"id":56,"href":"http:\/\/www.lkdp.lt\/index.php?rest_route=\/wp\/v2\/pages\/23\/revisions\/56"}],"wp:attachment":[{"href":"http:\/\/www.lkdp.lt\/index.php?rest_route=%2Fwp%2Fv2%2Fmedia&parent=23"}],"curies":[{"name":"wp","href":"https:\/\/api.w.org\/{rel}","templated":true}]}}